{"id":417,"date":"2026-03-11T16:22:35","date_gmt":"2026-03-11T14:22:35","guid":{"rendered":"https:\/\/www.naturheilpraxis-ploeger.de\/?page_id=417"},"modified":"2026-03-12T18:02:38","modified_gmt":"2026-03-12T16:02:38","slug":"fortbildung-blutsteigbild","status":"publish","type":"page","link":"https:\/\/www.naturheilpraxis-ploeger.de\/?page_id=417","title":{"rendered":"Fortbildung\u00a0Blutsteigbild"},"content":{"rendered":"\n<p><strong>Fortbildung und Ausbildung in das Gedankengut und der Diagnostik des Blutsteigbildes&nbsp;<\/strong><\/p>\n\n\n\n<p>Die Blutsteigbilddiagnostik untersucht das Blut auf geistig seelischer Ebene und hat das Gedankengut, dass unser Blut die seelischen und geistigen Erlebnisse, Begegnungen und Erfahrungen speichert.<\/p>\n\n\n\n<p>Das Blut versorgt unsere Organe und nimmt auf diesem \u201eWeg\u201c die individuellen Organ-Qualit\u00e4ten (geistig, seelisch) auf und speichert sie unser Leben lang.&nbsp;<\/p>\n\n\n\n<p>W\u00e4hrend dieser Laboruntersuchung spricht sich das Blut \u00fcber das Blutsteigbild im Hinblick auf die Notwendigkeiten der therapeutischen Hilfen aus.<\/p>\n\n\n\n<p>Dazu lade ich zu folgenden Seminarterminen in meiner Naturheilpraxis und Blutsteigbildlabor am Ellerweg 15 in G\u00fctersloh ein!<\/p>\n\n\n\n<p>Fortbildungstermine jeweils von 9:30 \u2013 18:00 Uhr<\/p>\n\n\n\n<p>(kleine Pausen, je nachdem wie das Blut es zul\u00e4sst)<\/p>\n\n\n\n<p><strong>26. und 27. Juni 2026<\/strong><\/p>\n\n\n\n<p><strong>11. und 12. September 2026<\/strong><\/p>\n\n\n\n<p><strong>06. und 07. November 2026<\/strong><\/p>\n\n\n\n<p>Kosten: 300,00 \u20ac inklusive Materialkosten<\/p>\n\n\n\n<div data-wp-interactive=\"core\/file\" class=\"wp-block-file\"><object data-wp-bind--hidden=\"!state.hasPdfPreview\" hidden class=\"wp-block-file__embed\" data=\"https:\/\/www.naturheilpraxis-ploeger.de\/wp-content\/uploads\/2026\/03\/Blutsteigbild-Seminar-Anmeldeformular-1.pdf\" type=\"application\/pdf\" style=\"width:100%;height:600px\" aria-label=\"Einbettung von Blutsteigbild-Seminar-Anmeldeformular-1.\"><\/object><a id=\"wp-block-file--media-0e1b5ae9-0409-4151-9454-76530cd4f777\" href=\"https:\/\/www.naturheilpraxis-ploeger.de\/wp-content\/uploads\/2026\/03\/Blutsteigbild-Seminar-Anmeldeformular-1.pdf\">Blutsteigbild-Seminar-Anmeldeformular-1<\/a><a href=\"https:\/\/www.naturheilpraxis-ploeger.de\/wp-content\/uploads\/2026\/03\/Blutsteigbild-Seminar-Anmeldeformular-1.pdf\" class=\"wp-block-file__button wp-element-button\" download aria-describedby=\"wp-block-file--media-0e1b5ae9-0409-4151-9454-76530cd4f777\">Herunterladen<\/a><\/div>\n\n\n\n<p>Weitere Module folgen im Fr\u00fchjahr und Herbst 2027. Module sind einzeln und unabh\u00e4ngig buchbar. Die Inhalte zu den einzelnen Modulen entwickeln sich.&nbsp;<\/p>\n\n\n\n<p><\/p>\n\n\n\n<hr class=\"wp-block-separator has-alpha-channel-opacity\"\/>\n\n\n\n<p><strong>Inhalte der Fortbildungen 2026<\/strong><\/p>\n\n\n\n<p><strong><u>26. und 27. Juni<\/u><\/strong><strong><\/strong><\/p>\n\n\n\n<p>Einf\u00fchrung in das Gedankengut des Blutsteigbildes<\/p>\n\n\n\n<p>Organzeichen kennenlernen<\/p>\n\n\n\n<p>Einstieg in die praktische Laborarbeit<\/p>\n\n\n\n<p>Blutsteigbildauswertung des untersuchten Blutes<\/p>\n\n\n\n<p><strong><u>11. und 12. September<\/u><\/strong><strong><\/strong><\/p>\n\n\n\n<p>Der dreigliedrige Mensch und seine Lebensbiographie in der Kindheit<\/p>\n\n\n\n<p>Praktische Arbeit im Blutsteigbild-Labor und Auslegung der Blutsteigbilder (Schwerpunkt 1. Steigphase)<\/p>\n\n\n\n<p>Therapiefindungen entsprechend der Blutsteigbildergebnisse<\/p>\n\n\n\n<p><strong><u>06. und 07. November 2026<\/u><\/strong><strong><\/strong><\/p>\n\n\n\n<p>Fortbildung zur anthroposophischen intuitiven Medizin der Misteltherapiem\u00f6glichkeiten von Wala (Iscucin) in Zusammenhang mit der Blutsteigbilddiagnostik&nbsp;<\/p>\n\n\n\n<p>(Schwerpunkt unterschiedliche Hinweise auf Ca.-Dispositionszeichen)<\/p>\n\n\n\n<p>Praktische Arbeit im Blutsteigbild-Labor und Auslegung der Blutsteigbilder<\/p>\n\n\n\n<div class=\"wp-block-columns is-layout-flex wp-container-core-columns-is-layout-9d6595d7 wp-block-columns-is-layout-flex\">\n<div class=\"wp-block-column is-layout-flow wp-block-column-is-layout-flow\" style=\"flex-basis:100%\">\n<figure class=\"wp-block-gallery has-nested-images columns-default is-cropped wp-block-gallery-1 is-layout-flex wp-block-gallery-is-layout-flex\">\n<figure class=\"wp-block-image size-large\"><a href=\"https:\/\/www.naturheilpraxis-ploeger.de\/wp-content\/uploads\/2026\/03\/WhatsApp-Image-2026-03-12-at-16.48.29.jpeg\" data-rel=\"lightbox-gallery-3NMUNaas\" data-rl_title=\"\" data-rl_caption=\"\" title=\"\"><img loading=\"lazy\" decoding=\"async\" width=\"781\" height=\"1024\" data-id=\"431\" src=\"https:\/\/www.naturheilpraxis-ploeger.de\/wp-content\/uploads\/2026\/03\/WhatsApp-Image-2026-03-12-at-16.48.29-781x1024.jpeg\" alt=\"\" class=\"wp-image-431\" srcset=\"https:\/\/www.naturheilpraxis-ploeger.de\/wp-content\/uploads\/2026\/03\/WhatsApp-Image-2026-03-12-at-16.48.29-781x1024.jpeg 781w, https:\/\/www.naturheilpraxis-ploeger.de\/wp-content\/uploads\/2026\/03\/WhatsApp-Image-2026-03-12-at-16.48.29-229x300.jpeg 229w, https:\/\/www.naturheilpraxis-ploeger.de\/wp-content\/uploads\/2026\/03\/WhatsApp-Image-2026-03-12-at-16.48.29-768x1007.jpeg 768w, https:\/\/www.naturheilpraxis-ploeger.de\/wp-content\/uploads\/2026\/03\/WhatsApp-Image-2026-03-12-at-16.48.29.jpeg 1109w\" sizes=\"auto, (max-width: 781px) 100vw, 781px\" \/><\/a><\/figure>\n\n\n\n<figure class=\"wp-block-image size-large\"><a href=\"https:\/\/www.naturheilpraxis-ploeger.de\/wp-content\/uploads\/2026\/03\/WhatsApp-Image-2026-03-12-at-16.46.23.jpeg\" data-rel=\"lightbox-gallery-3NMUNaas\" data-rl_title=\"\" data-rl_caption=\"\" title=\"\"><img loading=\"lazy\" decoding=\"async\" width=\"768\" height=\"1024\" data-id=\"430\" src=\"https:\/\/www.naturheilpraxis-ploeger.de\/wp-content\/uploads\/2026\/03\/WhatsApp-Image-2026-03-12-at-16.46.23-768x1024.jpeg\" alt=\"\" class=\"wp-image-430\" srcset=\"https:\/\/www.naturheilpraxis-ploeger.de\/wp-content\/uploads\/2026\/03\/WhatsApp-Image-2026-03-12-at-16.46.23-768x1024.jpeg 768w, https:\/\/www.naturheilpraxis-ploeger.de\/wp-content\/uploads\/2026\/03\/WhatsApp-Image-2026-03-12-at-16.46.23-225x300.jpeg 225w, https:\/\/www.naturheilpraxis-ploeger.de\/wp-content\/uploads\/2026\/03\/WhatsApp-Image-2026-03-12-at-16.46.23-1152x1536.jpeg 1152w, https:\/\/www.naturheilpraxis-ploeger.de\/wp-content\/uploads\/2026\/03\/WhatsApp-Image-2026-03-12-at-16.46.23.jpeg 1200w\" sizes=\"auto, (max-width: 768px) 100vw, 768px\" \/><\/a><\/figure>\n\n\n\n<figure class=\"wp-block-image size-large\"><a href=\"https:\/\/www.naturheilpraxis-ploeger.de\/wp-content\/uploads\/2026\/03\/WhatsApp-Image-2026-03-12-at-16.49.51.jpeg\" data-rel=\"lightbox-gallery-3NMUNaas\" data-rl_title=\"\" data-rl_caption=\"\" title=\"\"><img loading=\"lazy\" decoding=\"async\" width=\"1024\" height=\"869\" data-id=\"432\" src=\"https:\/\/www.naturheilpraxis-ploeger.de\/wp-content\/uploads\/2026\/03\/WhatsApp-Image-2026-03-12-at-16.49.51-1024x869.jpeg\" alt=\"\" class=\"wp-image-432\" srcset=\"https:\/\/www.naturheilpraxis-ploeger.de\/wp-content\/uploads\/2026\/03\/WhatsApp-Image-2026-03-12-at-16.49.51-1024x869.jpeg 1024w, https:\/\/www.naturheilpraxis-ploeger.de\/wp-content\/uploads\/2026\/03\/WhatsApp-Image-2026-03-12-at-16.49.51-300x255.jpeg 300w, https:\/\/www.naturheilpraxis-ploeger.de\/wp-content\/uploads\/2026\/03\/WhatsApp-Image-2026-03-12-at-16.49.51-768x652.jpeg 768w, https:\/\/www.naturheilpraxis-ploeger.de\/wp-content\/uploads\/2026\/03\/WhatsApp-Image-2026-03-12-at-16.49.51.jpeg 1204w\" sizes=\"auto, (max-width: 1024px) 100vw, 1024px\" \/><\/a><\/figure>\n<\/figure>\n<\/div>\n<\/div>\n\n\n\n<hr class=\"wp-block-separator has-alpha-channel-opacity\"\/>\n\n\n\n<p><strong>Inhalte der Fortbildungen 2027<\/strong><\/p>\n\n\n\n<p>Termine nach Vereinbarung<\/p>\n\n\n\n<p>Der dreigliedrige Mensch und seine Lebensbiographie in der mittleren Lebenszeit<\/p>\n\n\n\n<p>Praktische Arbeit im Blutsteigbild-Labor und Auslegung der Blutsteigbilder<\/p>\n\n\n\n<p>(Schwerpunkt 2. Steigphase)<\/p>\n\n\n\n<p>Therapiefindungen entsprechend der Blutsteigbildergebnisse<\/p>\n\n\n\n<p>Der dreigliedrige Mensch und seine Lebensbiographie im h\u00f6heren Alter<\/p>\n\n\n\n<p>Praktische Arbeit im Blutsteigbild-Labor und Auslegung der Blutsteigbilder<\/p>\n\n\n\n<p>(Schwerpunkt 3. Steigphase)<\/p>\n\n\n\n<p>Therapiefindungen entsprechend der Blutsteigbildergebnisse<\/p>\n\n\n\n<p>Fortf\u00fchrung der praktischen Arbeit im Blutsteigbild-Labor und viel Praktisches rund um Labor Therapiefindungen (Schwerpunkt 3. Steigphase) entsprechend der Blutsteigbildergebnisse<\/p>\n\n\n\n<p>Individuelle und selbstst\u00e4ndige Laborarbeit<\/p>\n\n\n\n<p>eventuell Blutsteigbilduntersuchung des eigenen Patienten mit individueller Therapiefindung in Eigenarbeit<\/p>\n\n\n\n<p>Vorstellung der Auswertung der Blutsteigbilduntersuchung des eigenen Patienten<\/p>\n\n\n\n<p>Praktische Arbeit im Blutsteigbild-Labor<\/p>\n\n\n<div class=\"wp-block-image\">\n<figure class=\"aligncenter size-large\"><a href=\"https:\/\/www.naturheilpraxis-ploeger.de\/wp-content\/uploads\/2026\/03\/WhatsApp-Image-2026-03-12-at-16.55.11.jpeg\" data-rel=\"lightbox-gallery-3NMUNaas\" data-rl_title=\"\" data-rl_caption=\"\" title=\"\"><img loading=\"lazy\" decoding=\"async\" width=\"1024\" height=\"768\" src=\"https:\/\/www.naturheilpraxis-ploeger.de\/wp-content\/uploads\/2026\/03\/WhatsApp-Image-2026-03-12-at-16.55.11-1024x768.jpeg\" alt=\"\" class=\"wp-image-436\" srcset=\"https:\/\/www.naturheilpraxis-ploeger.de\/wp-content\/uploads\/2026\/03\/WhatsApp-Image-2026-03-12-at-16.55.11-1024x768.jpeg 1024w, https:\/\/www.naturheilpraxis-ploeger.de\/wp-content\/uploads\/2026\/03\/WhatsApp-Image-2026-03-12-at-16.55.11-300x225.jpeg 300w, https:\/\/www.naturheilpraxis-ploeger.de\/wp-content\/uploads\/2026\/03\/WhatsApp-Image-2026-03-12-at-16.55.11-768x576.jpeg 768w, https:\/\/www.naturheilpraxis-ploeger.de\/wp-content\/uploads\/2026\/03\/WhatsApp-Image-2026-03-12-at-16.55.11-1536x1152.jpeg 1536w, https:\/\/www.naturheilpraxis-ploeger.de\/wp-content\/uploads\/2026\/03\/WhatsApp-Image-2026-03-12-at-16.55.11-400x300.jpeg 400w, https:\/\/www.naturheilpraxis-ploeger.de\/wp-content\/uploads\/2026\/03\/WhatsApp-Image-2026-03-12-at-16.55.11.jpeg 1600w\" sizes=\"auto, (max-width: 1024px) 100vw, 1024px\" \/><\/a><\/figure><\/div>\n\n\n<hr class=\"wp-block-separator has-alpha-channel-opacity\"\/>\n\n\n\n<p><strong>Grundlegende Bausteine der Blutsteigbildausbildung mit dem Ziel zum Erwerb eines&nbsp;Zertifikats als ausgebildete(r) Blutsteigbildmacher(in).<\/strong><br><br><strong>Die Ausbildung hat folgende Bausteine:<\/strong><br>I.&nbsp;&nbsp;&nbsp;Grundvoraussetzungen f\u00fcr den Erwerb eines Zertifikats:<br>Teilnahme an ca. 10 verbindlichen 2-t\u00e4gigen Seminaren mit dem Schwerpunkt begleitender Laborarbeit<br>Ausbildungsnachweis der Durchf\u00fchrung von ca. 20 Blutsteigbilduntersuchungen, teilweise in zunehmend selbstst\u00e4ndiger Laborarbeit mit Interpretationen sowie Begleitung des Patienten<br><br>II.&nbsp;&nbsp;Einf\u00fchrung in die Grundz\u00fcge des anthroposophischen Menschenbildes und in die Entwicklung des Blutsteigbildes von den Anf\u00e4ngen bis heute (von Dr. med. W. Kaelin \u00fcber G. Seelig und M.-L. Pl\u00f6ger)<br><br>III. Die sachgerechte Laborarbeit<br><br>IV. Erlernen und Erkennen der differenzierten Organhinweise sowie ihre Deutung und Interpretation in Karzinom-Dispositionszeichen und Prozesszeichen<br><br>V.&nbsp;&nbsp;Die Umsetzung der erkannten Organhinweise in Therapie-Ans\u00e4tze mit Hilfe der anthroposophischen Medizin und<br><br>VI. Lesen und Erkennen von wichtigen Lebensereignissen und -stationen in der&nbsp; Biographie der Patienten und F\u00e4higkeit Impulse zur Reflexion zu geben \u00fcber entscheidende Geschehnisse im Leben des(r) Patienten(in)<\/p>\n\n\n\n<figure class=\"wp-block-image size-large\"><a href=\"https:\/\/www.naturheilpraxis-ploeger.de\/wp-content\/uploads\/2026\/03\/WhatsApp-Image-2026-03-12-at-16.52.46.jpeg\" data-rel=\"lightbox-gallery-3NMUNaas\" data-rl_title=\"\" data-rl_caption=\"\" title=\"\"><img loading=\"lazy\" decoding=\"async\" width=\"1024\" height=\"738\" src=\"https:\/\/www.naturheilpraxis-ploeger.de\/wp-content\/uploads\/2026\/03\/WhatsApp-Image-2026-03-12-at-16.52.46-1024x738.jpeg\" alt=\"\" class=\"wp-image-438\" srcset=\"https:\/\/www.naturheilpraxis-ploeger.de\/wp-content\/uploads\/2026\/03\/WhatsApp-Image-2026-03-12-at-16.52.46-1024x738.jpeg 1024w, https:\/\/www.naturheilpraxis-ploeger.de\/wp-content\/uploads\/2026\/03\/WhatsApp-Image-2026-03-12-at-16.52.46-300x216.jpeg 300w, https:\/\/www.naturheilpraxis-ploeger.de\/wp-content\/uploads\/2026\/03\/WhatsApp-Image-2026-03-12-at-16.52.46-768x553.jpeg 768w, https:\/\/www.naturheilpraxis-ploeger.de\/wp-content\/uploads\/2026\/03\/WhatsApp-Image-2026-03-12-at-16.52.46-1536x1107.jpeg 1536w, https:\/\/www.naturheilpraxis-ploeger.de\/wp-content\/uploads\/2026\/03\/WhatsApp-Image-2026-03-12-at-16.52.46.jpeg 1600w\" sizes=\"auto, (max-width: 1024px) 100vw, 1024px\" \/><\/a><\/figure>\n","protected":false},"excerpt":{"rendered":"<p>Fortbildung und Ausbildung in das Gedankengut und der Diagnostik des Blutsteigbildes&nbsp; Die Blutsteigbilddiagnostik untersucht das Blut auf geistig seelischer Ebene und hat das Gedankengut, dass unser Blut die seelischen und geistigen Erlebnisse, Begegnungen und Erfahrungen speichert. Das Blut versorgt unsere Organe und nimmt auf diesem \u201eWeg\u201c die individuellen Organ-Qualit\u00e4ten (geistig, seelisch) auf und speichert sie [&hellip;]<\/p>\n","protected":false},"author":1,"featured_media":0,"parent":0,"menu_order":0,"comment_status":"closed","ping_status":"closed","template":"","meta":{"footnotes":""},"class_list":["post-417","page","type-page","status-publish","hentry"],"_links":{"self":[{"href":"https:\/\/www.naturheilpraxis-ploeger.de\/index.php?rest_route=\/wp\/v2\/pages\/417","targetHints":{"allow":["GET"]}}],"collection":[{"href":"https:\/\/www.naturheilpraxis-ploeger.de\/index.php?rest_route=\/wp\/v2\/pages"}],"about":[{"href":"https:\/\/www.naturheilpraxis-ploeger.de\/index.php?rest_route=\/wp\/v2\/types\/page"}],"author":[{"embeddable":true,"href":"https:\/\/www.naturheilpraxis-ploeger.de\/index.php?rest_route=\/wp\/v2\/users\/1"}],"replies":[{"embeddable":true,"href":"https:\/\/www.naturheilpraxis-ploeger.de\/index.php?rest_route=%2Fwp%2Fv2%2Fcomments&post=417"}],"version-history":[{"count":9,"href":"https:\/\/www.naturheilpraxis-ploeger.de\/index.php?rest_route=\/wp\/v2\/pages\/417\/revisions"}],"predecessor-version":[{"id":439,"href":"https:\/\/www.naturheilpraxis-ploeger.de\/index.php?rest_route=\/wp\/v2\/pages\/417\/revisions\/439"}],"wp:attachment":[{"href":"https:\/\/www.naturheilpraxis-ploeger.de\/index.php?rest_route=%2Fwp%2Fv2%2Fmedia&parent=417"}],"curies":[{"name":"wp","href":"https:\/\/api.w.org\/{rel}","templated":true}]}}