{"id":37,"date":"2013-07-22T11:32:30","date_gmt":"2013-07-22T09:32:30","guid":{"rendered":"http:\/\/www.naturheilpraxis-ploeger.de\/?page_id=37"},"modified":"2016-02-28T18:25:48","modified_gmt":"2016-02-28T16:25:48","slug":"blutegel","status":"publish","type":"page","link":"https:\/\/www.naturheilpraxis-ploeger.de\/?page_id=37","title":{"rendered":"Blutegeltherapie"},"content":{"rendered":"<p>Betrachtet man die V\u00f6lker in allen Erdteilen im Hinblick auf Heilbehandlungen finden sich fast \u00fcberall Hinweise auf die Blutegeltherapie als fester Bestandteil bei der Behandlung von Krankheiten.<\/p>\n<p style=\"text-align: center;\"><a href=\"http:\/\/www.naturheilpraxis-ploeger.de\/wp-content\/uploads\/2013\/07\/DSCF0648.jpg\" data-rel=\"lightbox-gallery-EMidjRYb\" data-rl_title=\"\" data-rl_caption=\"\" title=\"\"><img loading=\"lazy\" decoding=\"async\" class=\"wp-image-135 alignright\" src=\"http:\/\/www.naturheilpraxis-ploeger.de\/wp-content\/uploads\/2013\/07\/DSCF0648-682x1024.jpg\" alt=\"DSCF0648\" width=\"300\" height=\"450\" srcset=\"https:\/\/www.naturheilpraxis-ploeger.de\/wp-content\/uploads\/2013\/07\/DSCF0648-682x1024.jpg 682w, https:\/\/www.naturheilpraxis-ploeger.de\/wp-content\/uploads\/2013\/07\/DSCF0648-199x300.jpg 199w, https:\/\/www.naturheilpraxis-ploeger.de\/wp-content\/uploads\/2013\/07\/DSCF0648.jpg 1333w\" sizes=\"auto, (max-width: 300px) 100vw, 300px\" \/><\/a><\/p>\n<p>Heilen bedeutet hier unter anderem:<\/p>\n<p>\u2022 Fehlendes erg\u00e4nzen, \u00dcberfl\u00fcssiges entfernen.<br \/>\n\u2022 Alle K\u00f6rpers\u00e4fte flie\u00dfen leichter und schneller. Dadurch k\u00f6nnen auch Fl\u00fcssigkeitsansammlungen im K\u00f6rper zum Flie\u00dfen gebracht werden, sie dr\u00fccken nicht mehr auf Nervenenden und es kommt zur deutlichen Schmerzlinderung.<\/p>\n<p>Die Wirkung der Blutegel geht \u00fcber die lokale Blutentziehung mit ihren entlastenden und entstauenden Effekten hinaus.<\/p>\n<p>Der Egel gibt ein Sekret w\u00e4hrend des Saugens in den K\u00f6rper des Menschen, das viele verschiedene Wirkungen verursacht:<\/p>\n<p>\u2022 Gerinnungs- und entz\u00fcndungshemmend<br \/>\n\u2022 Gef\u00e4\u00dferweiternd und entkrampfend<br \/>\n\u2022 Blutgerinnungshemmend und blutreinigend<br \/>\n\u2022 Stoffwechsel reinigend<br \/>\n\u2022 Allgemeine Immunisierung<br \/>\n\u2022 Antithrombotische, antibiotische und antibakterielle Effekte<\/p>\n<p>Die Blutegeltherapie hat sich begleitend zu anderen therapeutischen Ma\u00dfnahmen bew\u00e4hrt.<\/p>\n<p>Blutegeltherapie ist ein wunderbares Beispiel f\u00fcr das segensreiche Zusammenspiel zwischen dem \u00fcberliefertem Wissen der Menschen und den reichen heilenden Kr\u00e4ften der Natur, die wir uns nutzbar machen d\u00fcrfen.<br \/>\nAb ca. dem f\u00fcnften Lebensjahrzehnt ver\u00e4ndert sich die Bluteigenschaft des K\u00f6rpers (Gelenk- und Gef\u00e4\u00dferkrankungen, Bluthochdruck, Herzerkrankungen, Apoplex k\u00f6nnen die Folge sein.) Hier beinhaltet die Blutegeltherapie eine vorbeugende Ma\u00dfnahme und ist eine Konstitutionstherapie.<\/p>\n<p>Anwendungsgebiete f\u00fcr Blutegelbehandlung sind unter anderem:<br \/>\n\u2022 Gef\u00e4\u00dferkrankungen: Krampfadern, Gef\u00e4\u00dfverschl\u00fcsse, Venenentz\u00fcndungen, offene Beine (Ulkus cruris); Gef\u00e4\u00dfverkalkung, Bluterg\u00fcsse, Herzerkrankungen, Ohrger\u00e4usche<br \/>\n\u2022 Verspannungen: Trigenimusneuralgie, Migr\u00e4ne, Schwindel, Wadenkr\u00e4mpfe, schmerzhafte Monatsblutungen<br \/>\n\u2022 Schmerzhafte Erkrankungen: Arthrose, Arthritis, Rheuma, Gicht, Nervenschmerzen, G\u00fcrtelrose, Wirbels\u00e4ulenschmerzen, Verstauchungen, Zerrungen, Prellungen, Bluterg\u00fcsse<br \/>\n\u2022 Abwehrst\u00e4rkung: Pilzerkrankungen, S\u00e4ure-Basenharmonisierung, Entz\u00fcndungen, Furunkel, Karbunkel<br \/>\n\u2022 Hormonelle St\u00f6rungen: Wechseljahresbeschwerden, Lebererkrankungen und Depression<\/p>\n","protected":false},"excerpt":{"rendered":"<p>Betrachtet man die V\u00f6lker in allen Erdteilen im Hinblick auf Heilbehandlungen finden sich fast \u00fcberall Hinweise auf die Blutegeltherapie als fester Bestandteil bei der Behandlung von Krankheiten. Heilen bedeutet hier unter anderem: \u2022 Fehlendes erg\u00e4nzen, \u00dcberfl\u00fcssiges entfernen. \u2022 Alle K\u00f6rpers\u00e4fte flie\u00dfen leichter und schneller. Dadurch k\u00f6nnen auch Fl\u00fcssigkeitsansammlungen im K\u00f6rper zum Flie\u00dfen gebracht werden, sie [&hellip;]<\/p>\n","protected":false},"author":1,"featured_media":0,"parent":0,"menu_order":0,"comment_status":"closed","ping_status":"closed","template":"","meta":{"footnotes":""},"class_list":["post-37","page","type-page","status-publish","hentry"],"_links":{"self":[{"href":"https:\/\/www.naturheilpraxis-ploeger.de\/index.php?rest_route=\/wp\/v2\/pages\/37","targetHints":{"allow":["GET"]}}],"collection":[{"href":"https:\/\/www.naturheilpraxis-ploeger.de\/index.php?rest_route=\/wp\/v2\/pages"}],"about":[{"href":"https:\/\/www.naturheilpraxis-ploeger.de\/index.php?rest_route=\/wp\/v2\/types\/page"}],"author":[{"embeddable":true,"href":"https:\/\/www.naturheilpraxis-ploeger.de\/index.php?rest_route=\/wp\/v2\/users\/1"}],"replies":[{"embeddable":true,"href":"https:\/\/www.naturheilpraxis-ploeger.de\/index.php?rest_route=%2Fwp%2Fv2%2Fcomments&post=37"}],"version-history":[{"count":7,"href":"https:\/\/www.naturheilpraxis-ploeger.de\/index.php?rest_route=\/wp\/v2\/pages\/37\/revisions"}],"predecessor-version":[{"id":295,"href":"https:\/\/www.naturheilpraxis-ploeger.de\/index.php?rest_route=\/wp\/v2\/pages\/37\/revisions\/295"}],"wp:attachment":[{"href":"https:\/\/www.naturheilpraxis-ploeger.de\/index.php?rest_route=%2Fwp%2Fv2%2Fmedia&parent=37"}],"curies":[{"name":"wp","href":"https:\/\/api.w.org\/{rel}","templated":true}]}}