{"id":367,"date":"2024-10-03T15:59:43","date_gmt":"2024-10-03T13:59:43","guid":{"rendered":"https:\/\/www.naturheilpraxis-ploeger.de\/?page_id=367"},"modified":"2026-03-11T17:07:53","modified_gmt":"2026-03-11T15:07:53","slug":"willkommen","status":"publish","type":"page","link":"https:\/\/www.naturheilpraxis-ploeger.de\/","title":{"rendered":"Willkommen"},"content":{"rendered":"\n<p>Willkommen auf der Internetpr\u00e4senz der Naturheilpraxis Marie-Luise Pl\u00f6ger.<\/p>\n\n\n\n<p>Auf diesen Seiten m\u00f6chte ich Sie \u00fcber mich, meine Praxis und die ganzheitlichen Behandlungsmethoden Informieren.<\/p>\n","protected":false},"excerpt":{"rendered":"<p>Willkommen auf der Internetpr\u00e4senz der Naturheilpraxis Marie-Luise Pl\u00f6ger. Auf diesen Seiten m\u00f6chte ich Sie \u00fcber mich, meine Praxis und die ganzheitlichen Behandlungsmethoden Informieren.<\/p>\n","protected":false},"author":1,"featured_media":0,"parent":0,"menu_order":1,"comment_status":"closed","ping_status":"closed","template":"","meta":{"footnotes":""},"class_list":["post-367","page","type-page","status-publish","hentry"],"_links":{"self":[{"href":"https:\/\/www.naturheilpraxis-ploeger.de\/index.php?rest_route=\/wp\/v2\/pages\/367","targetHints":{"allow":["GET"]}}],"collection":[{"href":"https:\/\/www.naturheilpraxis-ploeger.de\/index.php?rest_route=\/wp\/v2\/pages"}],"about":[{"href":"https:\/\/www.naturheilpraxis-ploeger.de\/index.php?rest_route=\/wp\/v2\/types\/page"}],"author":[{"embeddable":true,"href":"https:\/\/www.naturheilpraxis-ploeger.de\/index.php?rest_route=\/wp\/v2\/users\/1"}],"replies":[{"embeddable":true,"href":"https:\/\/www.naturheilpraxis-ploeger.de\/index.php?rest_route=%2Fwp%2Fv2%2Fcomments&post=367"}],"version-history":[{"count":3,"href":"https:\/\/www.naturheilpraxis-ploeger.de\/index.php?rest_route=\/wp\/v2\/pages\/367\/revisions"}],"predecessor-version":[{"id":416,"href":"https:\/\/www.naturheilpraxis-ploeger.de\/index.php?rest_route=\/wp\/v2\/pages\/367\/revisions\/416"}],"wp:attachment":[{"href":"https:\/\/www.naturheilpraxis-ploeger.de\/index.php?rest_route=%2Fwp%2Fv2%2Fmedia&parent=367"}],"curies":[{"name":"wp","href":"https:\/\/api.w.org\/{rel}","templated":true}]}}