{"id":30,"date":"2013-07-22T11:31:32","date_gmt":"2013-07-22T09:31:32","guid":{"rendered":"http:\/\/www.naturheilpraxis-ploeger.de\/?page_id=30"},"modified":"2024-10-03T15:14:39","modified_gmt":"2024-10-03T13:14:39","slug":"blutsteigbild","status":"publish","type":"page","link":"https:\/\/www.naturheilpraxis-ploeger.de\/?page_id=30","title":{"rendered":"Blutsteigbild"},"content":{"rendered":"<p><strong>Die kapillar-dynamische Blutuntersuchung -Blutsteigbild- nach Dr.med. W. KAELIN, Geerd Seelig und Marie-Luise Pl\u00f6ger.<\/strong><\/p>\n<p>Das Blutsteigbild nach Werner KAELIN und Geerd Seelig wird grunds\u00e4tzlich eingesetzt, um Krankheits-Dispositionen zu erfassen, die ihren Ursprung in der Lebensbiographie haben, also im Bereich der geistig-seelischen Lebenskr\u00e4fte und der Lebensentwicklung. Sie k\u00f6nnen von dort aus im Laufe der Zeit auf die leibliche Organisation einwirken und die Regenerationskr\u00e4fte behindern und deformieren.<\/p>\n<p>Die KAELINsche Schule ist seit 1928 darum bem\u00fcht, die gegenw\u00e4rtig Klinische-Diagnostik um eine geistig-seelische Diagnostik zu erweitern. Dabei wird das Blut in eine Umgebung gebracht, in der es die mit ihm verbundenen Gestaltungskr\u00e4fte freisetzen kann bzw. zur Erscheinung bringt.<\/p>\n<p>Das Ziel einer \u201eganzheitlichen\u201c Betrachtung ist die Erkenntnis beider (!) Ebenen, also der \u00fcbersinnlichen und der materiellen, k\u00f6rperlichen Ebene im Zusammenhang mit der Psyche, der geistigen Ebene.<\/p>\n<p><a href=\"http:\/\/www.naturheilpraxis-ploeger.de\/wp-content\/uploads\/2013\/07\/Internetbilder-013.jpg\" data-rel=\"lightbox-gallery-xePcFJ9C\" data-rl_title=\"\" data-rl_caption=\"\" title=\"\"><img loading=\"lazy\" decoding=\"async\" class=\" wp-image-90 aligncenter\" src=\"http:\/\/www.naturheilpraxis-ploeger.de\/wp-content\/uploads\/2013\/07\/Internetbilder-013-300x224.jpg\" alt=\"Internetbilder 013\" width=\"436\" height=\"325\" \/><\/a><\/p>\n<p><strong>Durch das kapillar \u2013 dynamische Blutbild nach Dr. med. W. KAELIN und Geerd Seelig lassen sich folgende Zeichen abbilden:<\/strong><\/p>\n<p><strong>Organ \u2013 Gestaltungskr\u00e4fte<\/strong>, die sich nicht mehr voll in die Bed\u00fcrfnisse des Gesamtorganismus einf\u00fcgen. Das Ergebnis kann \u00dcber- und Unterfunktion sein. Ursache kann z. B. eine gest\u00f6rte nervliche Reaktion, verschlacktes Bindegewebe oder ein zu fr\u00fcher Alterungsprozess, Skleroseprozess, Impfungen sein. <strong>Organ \u2013 Gestaltungskr\u00e4fte<\/strong> werden durch die Technik des Blutsteigbildes in Form von <strong>Organ \u2013 Zeichen<\/strong> sichtbar.<\/p>\n<p><strong>Organ-Gestaltungs-bzw. Regenerationskr\u00e4fte<\/strong>, die sich zum Teil von ihrem physischen Organ lockern oder trennen und Teile ihrer Funktion in fremde Organ-Bereiche verlagern. Man kann von einem <strong>vagabundierenden Prozess<\/strong> sprechen. Er kommt im Blutsteigbild dadurch zum Ausdruck, dass Organ-Zeichen in fremden Organ-bzw. K\u00f6rper-Feldern erscheinen.<\/p>\n<p><strong>Organ-Zeichen<\/strong> k\u00f6nnen mit unterschiedlichen <strong>Prozess-Zeichen<\/strong> verbunden sein:<\/p>\n<ul>\n<li>Entz\u00fcndungs-Zeichen<\/li>\n<li>Verh\u00e4rtungen, z.B. im Sinne eines vagabundierenden Skelett-Gestaltungs-Prozesses<\/li>\n<li>Hinweisen auf einen partiell zu dynamischen, gutartigen Wachstums-Prozess<\/li>\n<li>Hinweisen auf <strong>geistig \u2013 seelische Prozesse<\/strong>, die in die Regenerations-Kr\u00e4fte Strukturen einf\u00fcgen.<\/li>\n<li>Das k\u00f6nnen die sogenannten Krebs- bzw. <strong>Ca-Dispositions-Zeichen <\/strong>sein. Letztere sind jene Kr\u00e4fte, die der Mensch in seinem Inneren erzeugt im Gegensatz zu den krebserregenden Substanzen, die wir von au\u00dfen aufnehmen, den Karzinogenen. Die Summe dieser inneren und \u00e4u\u00dferen belastenden Kr\u00e4fte ist die eigentliche Gefahr.<\/li>\n<\/ul>\n<p><a href=\"http:\/\/www.naturheilpraxis-ploeger.de\/wp-content\/uploads\/2013\/07\/DSCF0620.jpg\" data-rel=\"lightbox-gallery-xePcFJ9C\" data-rl_title=\"\" data-rl_caption=\"\" title=\"\"><img loading=\"lazy\" decoding=\"async\" class=\" wp-image-94 aligncenter\" src=\"http:\/\/www.naturheilpraxis-ploeger.de\/wp-content\/uploads\/2013\/07\/DSCF0620-300x200.jpg\" alt=\"DSCF0620\" width=\"447\" height=\"298\" srcset=\"https:\/\/www.naturheilpraxis-ploeger.de\/wp-content\/uploads\/2013\/07\/DSCF0620-300x200.jpg 300w, https:\/\/www.naturheilpraxis-ploeger.de\/wp-content\/uploads\/2013\/07\/DSCF0620-120x80.jpg 120w, https:\/\/www.naturheilpraxis-ploeger.de\/wp-content\/uploads\/2013\/07\/DSCF0620.jpg 1000w\" sizes=\"auto, (max-width: 447px) 100vw, 447px\" \/><\/a><\/p>\n<p>Dieses Verfahren wurde 1928 von Dr. med. Werner KAELIN entwickelt, der auch ma\u00dfgebend an der Entwicklung und Herstellung des Mistelpr\u00e4parates Iscador\u00ae beteiligt war und im Laufe der Jahre durch Geerd Seelig und Marie-Luise Pl\u00f6ger, besonders im Hinblick auf die Lebensbiographie und Generationenbelastung weiterentwickelt.<\/p>\n<p><strong>Ziel dieses diagnostischen Verfahrens ist es auch(prophylaktisch), jene Unregelm\u00e4\u00dfigkeiten in der menschlichen Organisation zu erfassen, die zu malignen Geschw\u00fclsten f\u00fchren k\u00f6nnen, wenn sie eine Langzeitwirkung auf den sichtbaren, physischen Leib aus\u00fcben. <\/strong><\/p>\n<p><strong>Dr<\/strong><strong>ei \u00fcbersinnliche Wesensglieder (geistige Ich-Ebene, seelische Ebene, Lebenskr\u00e4fte) <\/strong>sind mit dem sichtbaren <strong>physischen Leib<\/strong> eng verbunden, beleben und beseelen ihn.<\/p>\n<p><strong>\u00dcberschreitet<\/strong> der Mensch in seinem <strong>Beobachten\/Denken, F\u00fchlen<\/strong> und <strong>Wollen <\/strong>diesen Rahmen der g\u00f6ttlichen Sch\u00f6pfung, so entwickeln sich innerhalb der Heilung wenige, ausreichend regenerierende, Kr\u00e4fte <strong>(Fremdastralit\u00e4t? \/ Abschn\u00fcrungen? \/ Elementarwesen<\/strong>?).<\/p>\n<p>Es wurden innerhalb der vielen Erfahrungsjahre in den Steigbildern <strong>Strukturen <\/strong>gefunden, die man als <strong>au\u00dferhalb<\/strong> der \u00fcblichen Regenerationsm\u00f6glichkeit betrachtet. Wir bezeichnen sie als <strong>\u201eKrebs-Dispositionszeichen\u201c.<\/strong> In vielen F\u00e4llen kann man durch Ver\u00e4nderungen bestimmter Lebensformen diese Kr\u00e4fte reduzieren, wenn eine therapeutische und medikament\u00f6se Hilfe diese Bem\u00fchungen unterst\u00fctzt. (Vgl. Fa. Wala, Richtl. Malignom-Therapie mit ISCUCIN-Viscum-Pr\u00e4paraten).<\/p>\n<p>Versteht man das KLINISCHE BILD als einen Status des gegenw\u00e4rtigen Seins auf PHYSISCHER EBENE, so kann man das Ergebnis des Blutsteigbildes als einen Status auf <strong>\u00fcbersinnlicher Ebene <\/strong>(geistig\/seelisch) ansehen. Liegen diese Kr\u00e4fte au\u00dferhalb des Norm-Bereichs, k\u00f6nnen sie bei <strong>\u00a0Langzeitwirkung<\/strong> zu einer <strong>Gestalt-Ver\u00e4nderung, <\/strong>Krankheit f\u00fchren.<\/p>\n<p>Von diesem Standpunkt aus ist das Ergebnis des Blutsteigbildes ein m\u00f6glicher(!) k\u00fcnftiger klinischer Status, man spricht von einer <strong>Disposition!<\/strong><\/p>\n<p>Sie kann in der postoperativen Situation im Sinne einer Rezidivgef\u00e4hrdung weiter bestehen und &#8211; durch das Blutsteigbild &#8211; in ihrer Gr\u00f6\u00dfenordnung erfasst werden.<\/p>\n<p><a style=\"color: #ff4b33; line-height: 24px;\" href=\"http:\/\/www.naturheilpraxis-ploeger.de\/wp-content\/uploads\/2013\/07\/UN-Aaron-004.jpg\" data-rel=\"lightbox-gallery-xePcFJ9C\" data-rl_title=\"\" data-rl_caption=\"\" title=\"\"><img loading=\"lazy\" decoding=\"async\" class=\" wp-image-92 aligncenter\" src=\"http:\/\/www.naturheilpraxis-ploeger.de\/wp-content\/uploads\/2013\/07\/UN-Aaron-004-300x224.jpg\" alt=\"UN, Aaron 004\" width=\"429\" height=\"321\" srcset=\"https:\/\/www.naturheilpraxis-ploeger.de\/wp-content\/uploads\/2013\/07\/UN-Aaron-004-300x224.jpg 300w, https:\/\/www.naturheilpraxis-ploeger.de\/wp-content\/uploads\/2013\/07\/UN-Aaron-004-1024x768.jpg 1024w\" sizes=\"auto, (max-width: 429px) 100vw, 429px\" \/><\/a><\/p>\n<p><strong>Zur Therapie der Krebs-Disposition, die h\u00e4ufig auch in der postoperativen Phase mehr oder weniger lang weiter besteht:<\/strong><\/p>\n<ul>\n<li>Haben die <strong>Ca-Dispositionszeichen<\/strong> einen eindeutigen Lokalisations-Schwerpunkt, der nicht immer mit der Lokalisation des Karzinoms \u00fcbereinstimmen muss(!), so ist in der Regel die Wahl des Wirtsbaums oder des Metallzusatzes oder des Organpr\u00e4parates ebenfalls eindeutig.<\/li>\n<li>Sind die <strong>Dispositionszeichen<\/strong> in mehreren K\u00f6rper\/Organ-Feldern gleichwertig verteilt, so kann entweder ein nicht-organspezifisches Mistel-Pr\u00e4parat in Verbindung mit den entsprechenden Organpr\u00e4paraten verwendet werden, also ein geschlecht-spezifisches.<\/li>\n<li>Aus dem Grad der Ca-Dispositionszeichen kann man auf die ungef\u00e4hre Anzahl der Mistel-Injektionen (der \u201cSerien\u201c bzw. \u201eKuren\u201c) pro Jahr schlie\u00dfen.<\/li>\n<\/ul>\n<p>Wie der Patient auf die Therapie (d.h. Arzneimittel plus Lebensweise) reagiert, wird nicht nur durch das subjektive Befinden des Patienten erkannt, sondern auch durch eine vergleichende Blutuntersuchung mittels des kapillar-dynamischen Blutsteigbildes.<\/p>\n<p>Es muss betont werden, dass ein Blutsteigbild <strong>weder k\u00f6rperliche Karzinome<\/strong> noch die im K\u00f6rper <strong>vorhandenen Karzinogene<\/strong>erfasst. Dies ist der heutigen \u201eSchulmedizin\u201c vorbehalten.<\/p>\n<p>Erfasst werden k\u00f6nnen abnorme <strong>geistig-seelische Prozesse<\/strong>, die im Laufe der Zeit aus dem seelischen Bereich in den Bereich der <strong>Lebens-\/Regenerations-Kr\u00e4fte <\/strong>abgedr\u00e4ngt werden und dann mit zeitlicher Verz\u00f6gerung den <strong>physischen Bereich<\/strong>im Sinne einer Erkrankung und malignen Entartung deformieren.<\/p>\n<p>Da durch die Entfernung eines leiblichen Organs seine m\u00f6glicherweise deformierten Gestaltungs-, Regenerations- und Energiekr\u00e4fte nicht mit entfernt werden k\u00f6nnen, wird das Blutsteigbild nach Werner KAELIN und Geerd Seelig auch im postoperativen Zeitraum eingesetzt.<\/p>\n<p>Das <strong>Honorar<\/strong> f\u00fcr eine Untersuchung betr\u00e4gt \u20ac <strong>270,&#8211;<\/strong>. Die Kassen verg\u00fcten diesen Betrag in der Regel nicht, sie betrachten die kapillar-dynamische Blutuntersuchung nach Dr.med. W. KAELIN und Geerd Seelig als ein nicht allgemein wissenschaftlich anerkanntes Verfahren. Spezielle Versandgef\u00e4\u00dfe f\u00fcr Blutproben stehen Ihnen auf Anforderung jederzeit kostenlos zur Verf\u00fcgung.<\/p>\n<p>Der Steigbild-Bericht ist eigentlich f\u00fcr den Therapeuten bestimmt, der die Ergebnisse auf die Pers\u00f6nlichkeit des Patienten beziehen und in Beziehung zu weiteren Untersuchungsergebnissen nutzen kann.<\/p>\n<p><a href=\"http:\/\/www.naturheilpraxis-ploeger.de\/wp-content\/uploads\/2013\/07\/Internetbilder-012.jpg\" data-rel=\"lightbox-gallery-xePcFJ9C\" data-rl_title=\"\" data-rl_caption=\"\" title=\"\"><img loading=\"lazy\" decoding=\"async\" class=\"alignnone size-large wp-image-97 aligncenter\" src=\"http:\/\/www.naturheilpraxis-ploeger.de\/wp-content\/uploads\/2013\/07\/Internetbilder-012-1024x768.jpg\" alt=\"Internetbilder 012\" width=\"960\" height=\"720\" srcset=\"https:\/\/www.naturheilpraxis-ploeger.de\/wp-content\/uploads\/2013\/07\/Internetbilder-012-1024x768.jpg 1024w, https:\/\/www.naturheilpraxis-ploeger.de\/wp-content\/uploads\/2013\/07\/Internetbilder-012-300x224.jpg 300w\" sizes=\"auto, (max-width: 960px) 100vw, 960px\" \/><\/a><\/p>\n\n\n<p><\/p>\n","protected":false},"excerpt":{"rendered":"<p>Die kapillar-dynamische Blutuntersuchung -Blutsteigbild- nach Dr.med. W. KAELIN, Geerd Seelig und Marie-Luise Pl\u00f6ger. Das Blutsteigbild nach Werner KAELIN und Geerd Seelig wird grunds\u00e4tzlich eingesetzt, um Krankheits-Dispositionen zu erfassen, die ihren Ursprung in der Lebensbiographie haben, also im Bereich der geistig-seelischen Lebenskr\u00e4fte und der Lebensentwicklung. Sie k\u00f6nnen von dort aus im Laufe der Zeit auf die [&hellip;]<\/p>\n","protected":false},"author":1,"featured_media":0,"parent":0,"menu_order":0,"comment_status":"closed","ping_status":"closed","template":"","meta":{"footnotes":""},"class_list":["post-30","page","type-page","status-publish","hentry"],"_links":{"self":[{"href":"https:\/\/www.naturheilpraxis-ploeger.de\/index.php?rest_route=\/wp\/v2\/pages\/30","targetHints":{"allow":["GET"]}}],"collection":[{"href":"https:\/\/www.naturheilpraxis-ploeger.de\/index.php?rest_route=\/wp\/v2\/pages"}],"about":[{"href":"https:\/\/www.naturheilpraxis-ploeger.de\/index.php?rest_route=\/wp\/v2\/types\/page"}],"author":[{"embeddable":true,"href":"https:\/\/www.naturheilpraxis-ploeger.de\/index.php?rest_route=\/wp\/v2\/users\/1"}],"replies":[{"embeddable":true,"href":"https:\/\/www.naturheilpraxis-ploeger.de\/index.php?rest_route=%2Fwp%2Fv2%2Fcomments&post=30"}],"version-history":[{"count":23,"href":"https:\/\/www.naturheilpraxis-ploeger.de\/index.php?rest_route=\/wp\/v2\/pages\/30\/revisions"}],"predecessor-version":[{"id":353,"href":"https:\/\/www.naturheilpraxis-ploeger.de\/index.php?rest_route=\/wp\/v2\/pages\/30\/revisions\/353"}],"wp:attachment":[{"href":"https:\/\/www.naturheilpraxis-ploeger.de\/index.php?rest_route=%2Fwp%2Fv2%2Fmedia&parent=30"}],"curies":[{"name":"wp","href":"https:\/\/api.w.org\/{rel}","templated":true}]}}