{"id":28,"date":"2013-07-22T11:31:19","date_gmt":"2013-07-22T09:31:19","guid":{"rendered":"http:\/\/www.naturheilpraxis-ploeger.de\/?page_id=28"},"modified":"2024-10-03T15:14:47","modified_gmt":"2024-10-03T13:14:47","slug":"iris-diagnose","status":"publish","type":"page","link":"https:\/\/www.naturheilpraxis-ploeger.de\/?page_id=28","title":{"rendered":"Iris Diagnose"},"content":{"rendered":"<p>Augendiagnose ist eine Methode, die aus der Beschaffenheit des Auges R\u00fcckschl\u00fcsse auf den Zustand und die Gesundheit innerer Organe und der Gesamtkonstitution des K\u00f6rpers erm\u00f6glicht. Sie ist eine Hinweisdiagnostik und zeigt die anlagebedingten Schw\u00e4chen, die genetisch gepr\u00e4gte und famili\u00e4re Pathologie. Somit ist sie eine Hilfe bei der Diagnosefindung, die durch andere Untersuchungsmethoden unterst\u00fctzt wird.<\/p>\n<p><a href=\"http:\/\/www.naturheilpraxis-ploeger.de\/wp-content\/uploads\/2013\/07\/DSCF0545.jpg\" data-rel=\"lightbox-gallery-qNl87LmM\" data-rl_title=\"\" data-rl_caption=\"\" title=\"\"><img loading=\"lazy\" decoding=\"async\" class=\"alignnone size-medium wp-image-100\" src=\"http:\/\/www.naturheilpraxis-ploeger.de\/wp-content\/uploads\/2013\/07\/DSCF0545-300x200.jpg\" alt=\"DSCF0545\" width=\"300\" height=\"200\" \/><\/a><a href=\"http:\/\/www.naturheilpraxis-ploeger.de\/wp-content\/uploads\/2013\/07\/DSCF0557.jpg\" data-rel=\"lightbox-gallery-qNl87LmM\" data-rl_title=\"\" data-rl_caption=\"\" title=\"\"><img loading=\"lazy\" decoding=\"async\" class=\"alignnone size-medium wp-image-102\" src=\"http:\/\/www.naturheilpraxis-ploeger.de\/wp-content\/uploads\/2013\/07\/DSCF0557-300x200.jpg\" alt=\"DSCF0557\" width=\"300\" height=\"200\" \/><\/a><a href=\"http:\/\/www.naturheilpraxis-ploeger.de\/wp-content\/uploads\/2013\/07\/DSCF0598.jpg\" data-rel=\"lightbox-gallery-qNl87LmM\" data-rl_title=\"\" data-rl_caption=\"\" title=\"\"><img loading=\"lazy\" decoding=\"async\" class=\"alignnone size-medium wp-image-105\" src=\"http:\/\/www.naturheilpraxis-ploeger.de\/wp-content\/uploads\/2013\/07\/DSCF0598-300x200.jpg\" alt=\"DSCF0598\" width=\"300\" height=\"200\" \/><\/a><\/p>\n<p>Folgende grundlegende Aussagen k\u00f6nnen getroffen werden:<\/p>\n<p>\u2022 Die konstitutionelle Anlage und die damit verbundene Erkrankungsbereitschaft zu bestimmten Erkrankungsformen.<br \/>\n\u2022 Die Weitergabe von Anlagen in der Erbfolge<br \/>\n\u2022 In der Entstehung befindliche Krankheitsprozesse<br \/>\n\u2022 Chronische Prozesse und ihre Abl\u00e4ufe<br \/>\n\u2022 Genetische Disposition zu Erkrankung<br \/>\n\u2022 Erkenntnisse \u00fcber den S\u00e4ure- Basen- Haushalt<br \/>\n\u2022 Einblicke in das Verdauungssystem und Organsystem<br \/>\n\u2022 Ination \u00fcber hormonelle St\u00e4rken und Schw\u00e4chen<br \/>\n\u2022 Wertvolle Hinweise in der Psycho-Neuro- Immunologieform<\/p>\n<p>Mit der Befunderhebung aus den Augen k\u00f6nnen gezielt wertvolle Hinweise f\u00fcr die Therapieformen entwickelt werden.<\/p>\n<p>Sie kann<\/p>\n<p>\u2022 den Weg der Therapie aufweisen,<\/p>\n<p>\u2022 notwendige Umstellungen der Lebensverhaltensweisen und<\/p>\n<p>\u2022 \u00c4nderungen der Ern\u00e4hrungsgewohnheiten bewirken und damit eine schicksalhafte Fehlentwicklung hinausz\u00f6gern oder sogar verhindern.<\/p>\n<p>In diesem Sinne sind die Augen wie ein aufgeschlagenes Buch, das dem kundigen Therapeuten differenziert Auskunft gibt \u00fcber die feinen Zusammenh\u00e4nge der Lebensf\u00fchrung und der Gesamtkonstitution des Menschen.<\/p>\n","protected":false},"excerpt":{"rendered":"<p>Augendiagnose ist eine Methode, die aus der Beschaffenheit des Auges R\u00fcckschl\u00fcsse auf den Zustand und die Gesundheit innerer Organe und der Gesamtkonstitution des K\u00f6rpers erm\u00f6glicht. Sie ist eine Hinweisdiagnostik und zeigt die anlagebedingten Schw\u00e4chen, die genetisch gepr\u00e4gte und famili\u00e4re Pathologie. Somit ist sie eine Hilfe bei der Diagnosefindung, die durch andere Untersuchungsmethoden unterst\u00fctzt wird. Folgende [&hellip;]<\/p>\n","protected":false},"author":1,"featured_media":0,"parent":0,"menu_order":0,"comment_status":"closed","ping_status":"closed","template":"","meta":{"footnotes":""},"class_list":["post-28","page","type-page","status-publish","hentry"],"_links":{"self":[{"href":"https:\/\/www.naturheilpraxis-ploeger.de\/index.php?rest_route=\/wp\/v2\/pages\/28","targetHints":{"allow":["GET"]}}],"collection":[{"href":"https:\/\/www.naturheilpraxis-ploeger.de\/index.php?rest_route=\/wp\/v2\/pages"}],"about":[{"href":"https:\/\/www.naturheilpraxis-ploeger.de\/index.php?rest_route=\/wp\/v2\/types\/page"}],"author":[{"embeddable":true,"href":"https:\/\/www.naturheilpraxis-ploeger.de\/index.php?rest_route=\/wp\/v2\/users\/1"}],"replies":[{"embeddable":true,"href":"https:\/\/www.naturheilpraxis-ploeger.de\/index.php?rest_route=%2Fwp%2Fv2%2Fcomments&post=28"}],"version-history":[{"count":7,"href":"https:\/\/www.naturheilpraxis-ploeger.de\/index.php?rest_route=\/wp\/v2\/pages\/28\/revisions"}],"predecessor-version":[{"id":330,"href":"https:\/\/www.naturheilpraxis-ploeger.de\/index.php?rest_route=\/wp\/v2\/pages\/28\/revisions\/330"}],"wp:attachment":[{"href":"https:\/\/www.naturheilpraxis-ploeger.de\/index.php?rest_route=%2Fwp%2Fv2%2Fmedia&parent=28"}],"curies":[{"name":"wp","href":"https:\/\/api.w.org\/{rel}","templated":true}]}}