{"id":239,"date":"2016-02-21T16:29:09","date_gmt":"2016-02-21T14:29:09","guid":{"rendered":"http:\/\/www.naturheilpraxis-ploeger.de\/?page_id=239"},"modified":"2018-03-27T21:50:07","modified_gmt":"2018-03-27T19:50:07","slug":"anthroposophische-medizin","status":"publish","type":"page","link":"https:\/\/www.naturheilpraxis-ploeger.de\/?page_id=239","title":{"rendered":"Anthroposophische Medizin"},"content":{"rendered":"<p>Die anthroposophische Betrachtungsweise in der Medizin bezieht sich auf naturwissenschaftliche Einzelergebnisse in einem ganzheitlichen Menschenbild.<\/p>\n<p><img loading=\"lazy\" decoding=\"async\" class=\"alignnone wp-image-74 size-full\" src=\"http:\/\/www.naturheilpraxis-ploeger.de\/wp-content\/uploads\/2013\/07\/blume_biene_blau.jpg\" alt=\"blume_biene_blau\" width=\"900\" height=\"300\" srcset=\"https:\/\/www.naturheilpraxis-ploeger.de\/wp-content\/uploads\/2013\/07\/blume_biene_blau.jpg 900w, https:\/\/www.naturheilpraxis-ploeger.de\/wp-content\/uploads\/2013\/07\/blume_biene_blau-300x100.jpg 300w\" sizes=\"auto, (max-width: 900px) 100vw, 900px\" \/><\/p>\n<p>Alle anthroposophischen Arzneimittel sind darauf ausgerichtet, die Selbstheilungskr\u00e4fte des Organismus anzuregen. Dabei erg\u00e4nzen sie die Medikamente aus der Schulmedizin. Wo die konventionelle Medizin jedoch ausschlie\u00dflich darauf ausgerichtet ist, Krankheitskeime abzut\u00f6ten, Krankheitsprozesse zu unterdr\u00fccken und fehlende Stoffe zu ersetzen (zum Beispiel Vitamine, Hormone, Blutbestandteile), geht die anthroposophische Medizin noch einen Schritt weiter. Sie will bewirken, dass der Organismus &#8211; wo immer es m\u00f6glich und sinnvoll &#8211; eine Krankheit aus eigener Kraft \u00fcberwindet. Dabei geht es vor allem darum, die K\u00f6rperfunktion wieder ins Gleichgewicht zubringen und die Abwehrkr\u00e4fte zu st\u00e4rken. Arzneimittel spielen daf\u00fcr eine wichtige Rolle.<\/p>\n<p>\u00dcber allen steht die Individualit\u00e4t des Menschen.<br \/>\nJeder Patient hat seine k\u00f6rperliche, seelische Veranlagung, seinen Schicksalsweg, seine Lebensaufgabe und -bestimmung, die den Umgang mit einer Krankheitssituation beeinflussen k\u00f6nnen. (Erkennbar auch besonders in der Blutsteigbildanalyse und der Irisdiagnose).<\/p>\n<p>Die anthroposophische Medizin betrachtet den Menschen auf vier Ebenen:<\/p>\n<ul>\n<li>der k\u00f6rperlichen (physischen) Ebene<\/li>\n<li>der aufbauenden (Lebensleib) Ebene<\/li>\n<li>der empfindenden (Astralleib\/Seelenleib) Ebene<\/li>\n<li>der geistigen, selbstewussten (Ich) Ebene, die alle Bewusstseinsvorg\u00e4nge und Gestaltungsprozesse zusammenfassen<\/li>\n<\/ul>\n<p>Gesundheit besteht gerade in einem harmonischen Zusammenwirken dieser vier Seinsbereiche unter den Bedingungen der individuellen Lebenssituation.<\/p>\n<p>Aus diesem Grunde werden die Pflanzen nach dem anthroposophischen Prinzip der Dreigliederung des Menschen Bl\u00fcte, Blatt und Wurzel verarbeitet.<\/p>\n<p>In der anthroposophischen Medizin gibt es drei Anwendungsm\u00f6glichkeiten:<\/p>\n<ul>\n<li>\u00e4u\u00dferlich (Augentropfen, Nasenspray, Essenzen, \u00d6le, Salben)<\/li>\n<li>innerlich (Tropfen, hom\u00f6opathische Verd\u00fcnnungen, Globuli, Tee, Z\u00e4pfchen, Tabletten)<\/li>\n<li>injiziert und inhaliert (sterile Verd\u00fcnnungen und Ampullen)<\/li>\n<\/ul>\n<p>Durch die potenzierten Organpr\u00e4parate, kombiniert mit den pflanzlichen und mineralisch- metallischen Arzneimitteln, werden die aufbauenden Kr\u00e4fte der Organe im kranken Menschen gefordert und Heilungsprozesse angeregt.<\/p>\n","protected":false},"excerpt":{"rendered":"<p>Die anthroposophische Betrachtungsweise in der Medizin bezieht sich auf naturwissenschaftliche Einzelergebnisse in einem ganzheitlichen Menschenbild. Alle anthroposophischen Arzneimittel sind darauf ausgerichtet, die Selbstheilungskr\u00e4fte des Organismus anzuregen. Dabei erg\u00e4nzen sie die Medikamente aus der Schulmedizin. Wo die konventionelle Medizin jedoch ausschlie\u00dflich darauf ausgerichtet ist, Krankheitskeime abzut\u00f6ten, Krankheitsprozesse zu unterdr\u00fccken und fehlende Stoffe zu ersetzen (zum Beispiel [&hellip;]<\/p>\n","protected":false},"author":1,"featured_media":0,"parent":0,"menu_order":0,"comment_status":"closed","ping_status":"closed","template":"","meta":{"footnotes":""},"class_list":["post-239","page","type-page","status-publish","hentry"],"_links":{"self":[{"href":"https:\/\/www.naturheilpraxis-ploeger.de\/index.php?rest_route=\/wp\/v2\/pages\/239","targetHints":{"allow":["GET"]}}],"collection":[{"href":"https:\/\/www.naturheilpraxis-ploeger.de\/index.php?rest_route=\/wp\/v2\/pages"}],"about":[{"href":"https:\/\/www.naturheilpraxis-ploeger.de\/index.php?rest_route=\/wp\/v2\/types\/page"}],"author":[{"embeddable":true,"href":"https:\/\/www.naturheilpraxis-ploeger.de\/index.php?rest_route=\/wp\/v2\/users\/1"}],"replies":[{"embeddable":true,"href":"https:\/\/www.naturheilpraxis-ploeger.de\/index.php?rest_route=%2Fwp%2Fv2%2Fcomments&post=239"}],"version-history":[{"count":8,"href":"https:\/\/www.naturheilpraxis-ploeger.de\/index.php?rest_route=\/wp\/v2\/pages\/239\/revisions"}],"predecessor-version":[{"id":307,"href":"https:\/\/www.naturheilpraxis-ploeger.de\/index.php?rest_route=\/wp\/v2\/pages\/239\/revisions\/307"}],"wp:attachment":[{"href":"https:\/\/www.naturheilpraxis-ploeger.de\/index.php?rest_route=%2Fwp%2Fv2%2Fmedia&parent=239"}],"curies":[{"name":"wp","href":"https:\/\/api.w.org\/{rel}","templated":true}]}}